{"id":35,"date":"2021-10-27T14:48:00","date_gmt":"2021-10-27T12:48:00","guid":{"rendered":"http:\/\/localhost:8888\/antoninmege\/?page_id=35"},"modified":"2022-01-03T10:02:50","modified_gmt":"2022-01-03T09:02:50","slug":"a-propos","status":"publish","type":"page","link":"https:\/\/www.antoninmege.com\/en\/a-propos\/","title":{"rendered":"\u00c0 Propos"},"content":{"rendered":"<div data-elementor-type=\"wp-page\" data-elementor-id=\"35\" class=\"elementor elementor-35\">\n\t\t\t\t\t\t<section class=\"elementor-section elementor-top-section elementor-element elementor-element-ce75453 elementor-section-boxed elementor-section-height-default elementor-section-height-default\" data-id=\"ce75453\" data-element_type=\"section\" data-e-type=\"section\">\n\t\t\t\t\t\t<div class=\"elementor-container elementor-column-gap-default\">\n\t\t\t\t\t<div class=\"elementor-column elementor-col-33 elementor-top-column elementor-element elementor-element-5661343\" data-id=\"5661343\" data-element_type=\"column\" data-e-type=\"column\">\n\t\t\t<div class=\"elementor-widget-wrap elementor-element-populated\">\n\t\t\t\t\t\t<div class=\"elementor-element elementor-element-b4311b0 elementor-widget elementor-widget-image\" data-id=\"b4311b0\" data-element_type=\"widget\" data-e-type=\"widget\" data-widget_type=\"image.default\">\n\t\t\t\t<div class=\"elementor-widget-container\">\n\t\t\t\t\t\t\t\t\t\t\t\t\t\t\t<img fetchpriority=\"high\" decoding=\"async\" width=\"768\" height=\"1024\" src=\"https:\/\/www.antoninmege.com\/wp-content\/uploads\/2021\/10\/WhatsApp-Image-2020-12-03-at-18.41.28-768x1024.jpeg\" class=\"attachment-large size-large wp-image-18\" alt=\"\" srcset=\"https:\/\/www.antoninmege.com\/wp-content\/uploads\/2021\/10\/WhatsApp-Image-2020-12-03-at-18.41.28-768x1024.jpeg.webp 768w, https:\/\/www.antoninmege.com\/wp-content\/uploads\/2021\/10\/WhatsApp-Image-2020-12-03-at-18.41.28-225x300.jpeg.webp 225w, https:\/\/www.antoninmege.com\/wp-content\/uploads\/2021\/10\/WhatsApp-Image-2020-12-03-at-18.41.28-1152x1536.jpeg.webp 1152w, https:\/\/www.antoninmege.com\/wp-content\/uploads\/2021\/10\/WhatsApp-Image-2020-12-03-at-18.41.28-9x12.jpeg.webp 9w, https:\/\/www.antoninmege.com\/wp-content\/uploads\/2021\/10\/WhatsApp-Image-2020-12-03-at-18.41.28-1024x1365.jpeg.webp 1024w, https:\/\/www.antoninmege.com\/wp-content\/uploads\/2021\/10\/WhatsApp-Image-2020-12-03-at-18.41.28-810x1080.jpeg.webp 810w, https:\/\/www.antoninmege.com\/wp-content\/uploads\/2021\/10\/WhatsApp-Image-2020-12-03-at-18.41.28.jpeg.webp 1440w\" sizes=\"(max-width: 768px) 100vw, 768px\" \/>\t\t\t\t\t\t\t\t\t\t\t\t\t\t\t<\/div>\n\t\t\t\t<\/div>\n\t\t\t\t\t<\/div>\n\t\t<\/div>\n\t\t\t\t<div class=\"elementor-column elementor-col-66 elementor-top-column elementor-element elementor-element-e6c336d\" data-id=\"e6c336d\" data-element_type=\"column\" data-e-type=\"column\">\n\t\t\t<div class=\"elementor-widget-wrap elementor-element-populated\">\n\t\t\t\t\t\t<div class=\"elementor-element elementor-element-9b8521a elementor-widget elementor-widget-text-editor\" data-id=\"9b8521a\" data-element_type=\"widget\" data-e-type=\"widget\" data-widget_type=\"text-editor.default\">\n\t\t\t\t<div class=\"elementor-widget-container\">\n\t\t\t\t\t\t\t\t\t<p class=\"translation-block\">Born in 1994 near Paris, Antonin M\u00e8ge began his musical studies in the Conservatory of Verri\u00e8res le Buisson, with Jean-Nicolas Kiffer and Frank Herrgott. In 2012 he joined the Regional Conservatory of Cergy-Pontoise, where he studied classical guitar with Elisabeth Ehrlacher, and musical composition with Yves Chauris. He also had the oppportunity to work with musicians such as composer Alain Besson, and guitarists Michel Grizard and Caroline Delume. In 2019, he began to study orchestration with composer Guillaume Connesson. Antonin M\u00e8ge has a University diploma in litterature and music, a Musical Studies Diploma in classical guitar, and a first price in musical composition.<\/p><p>En parall\u00e8le de ses \u00e9tudes, il se produit comme soliste \u00e0 plusieurs reprises au Th\u00e9\u00e2tre de l\u2019Alliance Fran\u00e7aise, et comme musicien de chambre au sein de l\u2019orchestre de guitare <em>Pulse<\/em>. Il fonde <em>Kiol<\/em>, quatuor sp\u00e9cialis\u00e9 dans la musique traditionnel irlandaise en 2014, et <em>Tellia<\/em> en 2017, duo fl\u00fbte et guitare avec la fl\u00fbtiste Pauline Delamotte.<\/p><p>En tant que compositeur, il est s\u00e9lectionn\u00e9 en 2020 pour participer \u00e0 la Masterclass du festival international du film d&rsquo;Aubagne. Ses compositions personnelles l&rsquo;am\u00e8nent \u00e0 travailler avec de nombreux interpr\u00e8tes, \u00e9crivant des pi\u00e8ces pour instrumentistes solistes, musique de chambre ou ensembles plus importants. Lors d\u2019une commande de l\u2019\u00e9cole de musique Harmonia, la pi\u00e8ce <i>Lune Rousse<\/i> pour ensemble de chambre est cr\u00e9\u00e9e en juin 2019 dans le cadre d\u2019un concert hors-saison \u00e0 la Philharmonie de Paris. <\/p><p>En dehors de ses projets personnels, il est assistant, orchestrateur et copiste et compose des musiques additionnels pour la t\u00e9l\u00e9vision (derniers travaux en date : <a href=\"https:\/\/www.arte.tv\/fr\/videos\/102287-000-A\/john-huston-une-ame-libre\/\"><em>John Huston &#8211; Une \u00e2me libre<\/em><\/a>, r\u00e9alisation de Marie Brunet-Debaines et musique de Gr\u00e9co Casadesus, en tant que guitariste et compositeur ; <a href=\"https:\/\/www.rmcbfmplay.com\/video\/rmc-decouverte\/abysses-la-conquete-des-fonds-marins?contentId=Product::NEUF_RMCDEC_RMC00172202&amp;universe=PROVIDER\"><em>Abysses, la conqu\u00eate des fonds marins<\/em><\/a>, r\u00e9alisation de Michel Viotte et musique de Gr\u00e9co Casadesus, en tant que compositeur additionnel).<\/p><p class=\"translation-block\">He works regularly with harpsichordist Jorge Silva on several projects, including premieres and concert recordings. He also collaborates with other composers, producers and artists such as the photographer Mercedes Cosano. He is also the co-founder with musicologist and mediator Cora Joris of <em>La Note Commune<\/em>, a Youtube channel popularizing classical music.<\/p><p>Depuis d\u00e9but 2021, Antonin M\u00e8ge travaille en \u00e9troite collaboration avec le compositeur et orchestrateur <a href=\"https:\/\/www.nelsonsantoni.com\/index.html\">Nelson Santoni<\/a>.<\/p>\t\t\t\t\t\t\t\t<\/div>\n\t\t\t\t<\/div>\n\t\t\t\t\t<\/div>\n\t\t<\/div>\n\t\t\t\t\t<\/div>\n\t\t<\/section>\n\t\t\t\t<\/div>","protected":false},"excerpt":{"rendered":"<p>N\u00e9 en 1994 \u00e0 Ch\u00e2tenay-Malabry en banlieue parisienne, Antonin M\u00e8ge commence ses \u00e9tudes musicales au Conservatoire de Verri\u00e8res le Buisson avec pour professeurs Jean-Nicolas Kiffer et Frank Herrgott.En 2012 il int\u00e8gre le Conservatoire \u00e0 Rayonnement R\u00e9gional de Cergy-Pontoise, o\u00f9 il \u00e9tudie la guitare classique avec Elisabeth Ehrlacher, et la composition avec Yves Chauris. C\u2019est \u00e9galement&hellip; <br \/> <a class=\"read-more\" href=\"https:\/\/www.antoninmege.com\/en\/a-propos\/\">Read more<\/a><\/p>","protected":false},"author":1,"featured_media":40,"parent":0,"menu_order":0,"comment_status":"closed","ping_status":"closed","template":"","meta":{"footnotes":""},"class_list":["post-35","page","type-page","status-publish","has-post-thumbnail","hentry"],"_links":{"self":[{"href":"https:\/\/www.antoninmege.com\/en\/wp-json\/wp\/v2\/pages\/35","targetHints":{"allow":["GET"]}}],"collection":[{"href":"https:\/\/www.antoninmege.com\/en\/wp-json\/wp\/v2\/pages"}],"about":[{"href":"https:\/\/www.antoninmege.com\/en\/wp-json\/wp\/v2\/types\/page"}],"author":[{"embeddable":true,"href":"https:\/\/www.antoninmege.com\/en\/wp-json\/wp\/v2\/users\/1"}],"replies":[{"embeddable":true,"href":"https:\/\/www.antoninmege.com\/en\/wp-json\/wp\/v2\/comments?post=35"}],"version-history":[{"count":27,"href":"https:\/\/www.antoninmege.com\/en\/wp-json\/wp\/v2\/pages\/35\/revisions"}],"predecessor-version":[{"id":400,"href":"https:\/\/www.antoninmege.com\/en\/wp-json\/wp\/v2\/pages\/35\/revisions\/400"}],"wp:featuredmedia":[{"embeddable":true,"href":"https:\/\/www.antoninmege.com\/en\/wp-json\/wp\/v2\/media\/40"}],"wp:attachment":[{"href":"https:\/\/www.antoninmege.com\/en\/wp-json\/wp\/v2\/media?parent=35"}],"curies":[{"name":"wp","href":"https:\/\/api.w.org\/{rel}","templated":true}]}}