{"id":258,"date":"2021-10-28T11:53:27","date_gmt":"2021-10-28T09:53:27","guid":{"rendered":"http:\/\/localhost:8888\/antoninmege\/?page_id=258"},"modified":"2021-10-28T13:05:05","modified_gmt":"2021-10-28T11:05:05","slug":"musique-originale-de-la-piece-de-theatre-gronde","status":"publish","type":"page","link":"https:\/\/www.antoninmege.com\/en\/projets-albums\/musique-originale-de-la-piece-de-theatre-gronde\/","title":{"rendered":"Musique originale de la pi\u00e8ce de th\u00e9\u00e2tre (G)ronde"},"content":{"rendered":"<div data-elementor-type=\"wp-page\" data-elementor-id=\"258\" class=\"elementor elementor-258\">\n\t\t\t\t\t\t<section class=\"elementor-section elementor-top-section elementor-element elementor-element-4bb1d40 elementor-section-boxed elementor-section-height-default elementor-section-height-default\" data-id=\"4bb1d40\" data-element_type=\"section\" data-e-type=\"section\">\n\t\t\t\t\t\t<div class=\"elementor-container elementor-column-gap-default\">\n\t\t\t\t\t<div class=\"elementor-column elementor-col-100 elementor-top-column elementor-element elementor-element-8416438\" data-id=\"8416438\" data-element_type=\"column\" data-e-type=\"column\">\n\t\t\t<div class=\"elementor-widget-wrap elementor-element-populated\">\n\t\t\t\t\t\t<div class=\"elementor-element elementor-element-35345ac elementor-widget-divider--view-line elementor-widget elementor-widget-divider\" data-id=\"35345ac\" data-element_type=\"widget\" data-e-type=\"widget\" data-widget_type=\"divider.default\">\n\t\t\t\t<div class=\"elementor-widget-container\">\n\t\t\t\t\t\t\t<div class=\"elementor-divider\">\n\t\t\t<span class=\"elementor-divider-separator\">\n\t\t\t\t\t\t<\/span>\n\t\t<\/div>\n\t\t\t\t\t\t<\/div>\n\t\t\t\t<\/div>\n\t\t\t\t<div class=\"elementor-element elementor-element-669dbc2 elementor-widget elementor-widget-text-editor\" data-id=\"669dbc2\" data-element_type=\"widget\" data-e-type=\"widget\" data-widget_type=\"text-editor.default\">\n\t\t\t\t<div class=\"elementor-widget-container\">\n\t\t\t\t\t\t\t\t\t<p style=\"text-align: center;\"><em>An evening. A generation. Meeting with the unknown. Clack. And now ? <\/em><br \/><em>\u00c7a va. \u00c7a tourne un peu en rond mais \u00e7a va. Si seulement il pouvait arriver quelque chose. Quelque chose de fou.<\/em><br \/><em>Ce soir c&rsquo;est l&rsquo;anniversaire de Vicky.<\/em><br \/><em>Ding dong. Les invit\u00e9s arrivent. \u00c7a danse. \u00c7a rit. \u00c7a va. Et soudain; quelque chose. La porte se ferme. Clac ! Il faudra attendre la fin des op\u00e9rations en cours. Les passions se d\u00e9cha\u00eenent. Et apr\u00e8s ? Quand tout sera fini, est ce que \u00e7a recommencera ?<\/em><\/p>\t\t\t\t\t\t\t\t<\/div>\n\t\t\t\t<\/div>\n\t\t\t\t<div class=\"elementor-element elementor-element-5ab69d2 elementor-widget-divider--view-line elementor-widget elementor-widget-divider\" data-id=\"5ab69d2\" data-element_type=\"widget\" data-e-type=\"widget\" data-widget_type=\"divider.default\">\n\t\t\t\t<div class=\"elementor-widget-container\">\n\t\t\t\t\t\t\t<div class=\"elementor-divider\">\n\t\t\t<span class=\"elementor-divider-separator\">\n\t\t\t\t\t\t<\/span>\n\t\t<\/div>\n\t\t\t\t\t\t<\/div>\n\t\t\t\t<\/div>\n\t\t\t\t<div class=\"elementor-element elementor-element-9c0da13 elementor-widget elementor-widget-text-editor\" data-id=\"9c0da13\" data-element_type=\"widget\" data-e-type=\"widget\" data-widget_type=\"text-editor.default\">\n\t\t\t\t<div class=\"elementor-widget-container\">\n\t\t\t\t\t\t\t\t\t<p><span style=\"color: #333333;\">En Bonne Compagnie pr\u00e9sente :<\/span><\/p><p><span style=\"color: #333333;\"><em><strong>(G)ronde<\/strong><\/em>, pi\u00e8ce de Nolwenn Le Gal et Marine Torre. Mise en sc\u00e8ne de Marine Torre. Chor\u00e9graphies de Marina Latil.<\/span><\/p><p><span style=\"color: #333333;\">Avec : L\u00e9onie Duedal, Louis-Martin Lambouley, Marina Latil , Nolwenn Le Gal, Franck Olivier<\/span><\/p><p><span style=\"color: #333333;\">Musique :<\/span><\/p><p><span style=\"color: #333333;\">Composition, arrangement, enregistrement et mixage : Antonin M\u00e8ge.<\/span><\/p><p><span style=\"color: #333333;\">Composition des th\u00e8mes dans\u00e9s : Julien Auclair.<\/span><\/p>\t\t\t\t\t\t\t\t<\/div>\n\t\t\t\t<\/div>\n\t\t\t\t<div class=\"elementor-element elementor-element-86015a0 elementor-widget elementor-widget-text-editor\" data-id=\"86015a0\" data-element_type=\"widget\" data-e-type=\"widget\" data-widget_type=\"text-editor.default\">\n\t\t\t\t<div class=\"elementor-widget-container\">\n\t\t\t\t\t\t\t\t\t<h5>cr\u00e9ation le 12\/03\/2020<\/h5>\t\t\t\t\t\t\t\t<\/div>\n\t\t\t\t<\/div>\n\t\t\t\t<div class=\"elementor-element elementor-element-08f680f elementor-widget elementor-widget-button\" data-id=\"08f680f\" data-element_type=\"widget\" data-e-type=\"widget\" data-widget_type=\"button.default\">\n\t\t\t\t<div class=\"elementor-widget-container\">\n\t\t\t\t\t\t\t\t\t<div class=\"elementor-button-wrapper\">\n\t\t\t\t\t<a class=\"elementor-button elementor-button-link elementor-size-sm\" href=\"https:\/\/www.facebook.com\/events\/603813433751994\/\">\n\t\t\t\t\t\t<span class=\"elementor-button-content-wrapper\">\n\t\t\t\t\t\t<span class=\"elementor-button-icon\">\n\t\t\t\t<i aria-hidden=\"true\" class=\"far fa-hand-point-right\"><\/i>\t\t\t<\/span>\n\t\t\t\t\t\t\t\t\t<span class=\"elementor-button-text\">Plus d'informations sur la pi\u00e8ce<\/span>\n\t\t\t\t\t<\/span>\n\t\t\t\t\t<\/a>\n\t\t\t\t<\/div>\n\t\t\t\t\t\t\t\t<\/div>\n\t\t\t\t<\/div>\n\t\t\t\t<div class=\"elementor-element elementor-element-eaa30ba elementor-widget-divider--view-line elementor-widget elementor-widget-divider\" data-id=\"eaa30ba\" data-element_type=\"widget\" data-e-type=\"widget\" data-widget_type=\"divider.default\">\n\t\t\t\t<div class=\"elementor-widget-container\">\n\t\t\t\t\t\t\t<div class=\"elementor-divider\">\n\t\t\t<span class=\"elementor-divider-separator\">\n\t\t\t\t\t\t<\/span>\n\t\t<\/div>\n\t\t\t\t\t\t<\/div>\n\t\t\t\t<\/div>\n\t\t\t\t\t<\/div>\n\t\t<\/div>\n\t\t\t\t\t<\/div>\n\t\t<\/section>\n\t\t\t\t<section class=\"elementor-section elementor-top-section elementor-element elementor-element-63d61e0 elementor-section-boxed elementor-section-height-default elementor-section-height-default\" data-id=\"63d61e0\" data-element_type=\"section\" data-e-type=\"section\">\n\t\t\t\t\t\t<div class=\"elementor-container elementor-column-gap-default\">\n\t\t\t\t\t<div class=\"elementor-column elementor-col-100 elementor-top-column elementor-element elementor-element-88e239c\" data-id=\"88e239c\" data-element_type=\"column\" data-e-type=\"column\">\n\t\t\t<div class=\"elementor-widget-wrap elementor-element-populated\">\n\t\t\t\t\t\t<div class=\"elementor-element elementor-element-2686306 elementor-widget elementor-widget-heading\" data-id=\"2686306\" data-element_type=\"widget\" data-e-type=\"widget\" data-widget_type=\"heading.default\">\n\t\t\t\t<div class=\"elementor-widget-container\">\n\t\t\t\t\t<h2 class=\"elementor-heading-title elementor-size-default\">\u00e9couter L'ALBUM SUR SOUNDCLOUD<\/h2>\t\t\t\t<\/div>\n\t\t\t\t<\/div>\n\t\t\t\t<div class=\"elementor-element elementor-element-6205dbd elementor-widget elementor-widget-audio\" data-id=\"6205dbd\" data-element_type=\"widget\" data-e-type=\"widget\" data-widget_type=\"audio.default\">\n\t\t\t\t<div class=\"elementor-widget-container\">\n\t\t\t\t\t\t\t\t<div class=\"elementor-soundcloud-wrapper\">\n\t\t\t\t<iframe width=\"1920\" height=\"450\" frameborder=\"no\" src=\"https:\/\/w.soundcloud.com\/player\/?visual=false&#038;url=https%3A%2F%2Fapi.soundcloud.com%2Fplaylists%2F1056641344&#038;show_artwork=true&#038;maxheight=1080&#038;maxwidth=1920&#038;auto_play=false&#038;buying=true&#038;liking=true&#038;download=true&#038;sharing=true&#038;show_comments=false&#038;show_playcount=true&#038;show_user=true&#038;color=4C3B70\"><\/iframe>\t\t\t<\/div>\n\t\t\t\t\t\t\t<\/div>\n\t\t\t\t<\/div>\n\t\t\t\t\t<\/div>\n\t\t<\/div>\n\t\t\t\t\t<\/div>\n\t\t<\/section>\n\t\t\t\t<section class=\"elementor-section elementor-top-section elementor-element elementor-element-d3e9991 elementor-section-boxed elementor-section-height-default elementor-section-height-default\" data-id=\"d3e9991\" data-element_type=\"section\" data-e-type=\"section\">\n\t\t\t\t\t\t<div class=\"elementor-container elementor-column-gap-default\">\n\t\t\t\t\t<div class=\"elementor-column elementor-col-100 elementor-top-column elementor-element elementor-element-a761dd3\" data-id=\"a761dd3\" data-element_type=\"column\" data-e-type=\"column\">\n\t\t\t<div class=\"elementor-widget-wrap elementor-element-populated\">\n\t\t\t\t\t\t<div class=\"elementor-element elementor-element-2734eff elementor-widget-divider--view-line elementor-widget elementor-widget-divider\" data-id=\"2734eff\" data-element_type=\"widget\" data-e-type=\"widget\" data-widget_type=\"divider.default\">\n\t\t\t\t<div class=\"elementor-widget-container\">\n\t\t\t\t\t\t\t<div class=\"elementor-divider\">\n\t\t\t<span class=\"elementor-divider-separator\">\n\t\t\t\t\t\t<\/span>\n\t\t<\/div>\n\t\t\t\t\t\t<\/div>\n\t\t\t\t<\/div>\n\t\t\t\t<div class=\"elementor-element elementor-element-78da757 elementor-align-center elementor-widget elementor-widget-button\" data-id=\"78da757\" data-element_type=\"widget\" data-e-type=\"widget\" data-widget_type=\"button.default\">\n\t\t\t\t<div class=\"elementor-widget-container\">\n\t\t\t\t\t\t\t\t\t<div class=\"elementor-button-wrapper\">\n\t\t\t\t\t<a class=\"elementor-button elementor-button-link elementor-size-sm\" href=\"https:\/\/www.antoninmege.com\/en\/projets-albums\/\">\n\t\t\t\t\t\t<span class=\"elementor-button-content-wrapper\">\n\t\t\t\t\t\t<span class=\"elementor-button-icon\">\n\t\t\t\t<i aria-hidden=\"true\" class=\"far fa-arrow-alt-circle-left\"><\/i>\t\t\t<\/span>\n\t\t\t\t\t\t\t\t\t<span class=\"elementor-button-text\">autres projets et albums<\/span>\n\t\t\t\t\t<\/span>\n\t\t\t\t\t<\/a>\n\t\t\t\t<\/div>\n\t\t\t\t\t\t\t\t<\/div>\n\t\t\t\t<\/div>\n\t\t\t\t\t<\/div>\n\t\t<\/div>\n\t\t\t\t\t<\/div>\n\t\t<\/section>\n\t\t\t\t<\/div>","protected":false},"excerpt":{"rendered":"<p>Une soir\u00e9e. Une g\u00e9n\u00e9ration. Une rencontre avec l&rsquo;impr\u00e9vu. Clac. Et apr\u00e8s ? \u00c7a va. \u00c7a tourne un peu en rond mais \u00e7a va. Si seulement il pouvait arriver quelque chose. Quelque chose de fou.Ce soir c&rsquo;est l&rsquo;anniversaire de Vicky.Ding dong. Les invit\u00e9s arrivent. \u00c7a danse. \u00c7a rit. \u00c7a va. Et soudain; quelque chose. La porte&hellip; <br \/> <a class=\"read-more\" href=\"https:\/\/www.antoninmege.com\/en\/projets-albums\/musique-originale-de-la-piece-de-theatre-gronde\/\">Read more<\/a><\/p>","protected":false},"author":1,"featured_media":68,"parent":33,"menu_order":0,"comment_status":"closed","ping_status":"closed","template":"","meta":{"footnotes":""},"class_list":["post-258","page","type-page","status-publish","has-post-thumbnail","hentry"],"_links":{"self":[{"href":"https:\/\/www.antoninmege.com\/en\/wp-json\/wp\/v2\/pages\/258","targetHints":{"allow":["GET"]}}],"collection":[{"href":"https:\/\/www.antoninmege.com\/en\/wp-json\/wp\/v2\/pages"}],"about":[{"href":"https:\/\/www.antoninmege.com\/en\/wp-json\/wp\/v2\/types\/page"}],"author":[{"embeddable":true,"href":"https:\/\/www.antoninmege.com\/en\/wp-json\/wp\/v2\/users\/1"}],"replies":[{"embeddable":true,"href":"https:\/\/www.antoninmege.com\/en\/wp-json\/wp\/v2\/comments?post=258"}],"version-history":[{"count":13,"href":"https:\/\/www.antoninmege.com\/en\/wp-json\/wp\/v2\/pages\/258\/revisions"}],"predecessor-version":[{"id":297,"href":"https:\/\/www.antoninmege.com\/en\/wp-json\/wp\/v2\/pages\/258\/revisions\/297"}],"up":[{"embeddable":true,"href":"https:\/\/www.antoninmege.com\/en\/wp-json\/wp\/v2\/pages\/33"}],"wp:featuredmedia":[{"embeddable":true,"href":"https:\/\/www.antoninmege.com\/en\/wp-json\/wp\/v2\/media\/68"}],"wp:attachment":[{"href":"https:\/\/www.antoninmege.com\/en\/wp-json\/wp\/v2\/media?parent=258"}],"curies":[{"name":"wp","href":"https:\/\/api.w.org\/{rel}","templated":true}]}}