{"id":245,"date":"2021-10-28T11:35:54","date_gmt":"2021-10-28T09:35:54","guid":{"rendered":"http:\/\/localhost:8888\/antoninmege\/?page_id=245"},"modified":"2021-10-28T13:05:33","modified_gmt":"2021-10-28T11:05:33","slug":"toccata-prima","status":"publish","type":"page","link":"https:\/\/www.antoninmege.com\/en\/projets-albums\/toccata-prima\/","title":{"rendered":"Toccata Prima"},"content":{"rendered":"<div data-elementor-type=\"wp-page\" data-elementor-id=\"245\" class=\"elementor elementor-245\">\n\t\t\t\t\t\t<section class=\"elementor-section elementor-top-section elementor-element elementor-element-4bb1d40 elementor-section-boxed elementor-section-height-default elementor-section-height-default\" data-id=\"4bb1d40\" data-element_type=\"section\" data-e-type=\"section\">\n\t\t\t\t\t\t<div class=\"elementor-container elementor-column-gap-default\">\n\t\t\t\t\t<div class=\"elementor-column elementor-col-100 elementor-top-column elementor-element elementor-element-8416438\" data-id=\"8416438\" data-element_type=\"column\" data-e-type=\"column\">\n\t\t\t<div class=\"elementor-widget-wrap elementor-element-populated\">\n\t\t\t\t\t\t<div class=\"elementor-element elementor-element-35345ac elementor-widget-divider--view-line elementor-widget elementor-widget-divider\" data-id=\"35345ac\" data-element_type=\"widget\" data-e-type=\"widget\" data-widget_type=\"divider.default\">\n\t\t\t\t<div class=\"elementor-widget-container\">\n\t\t\t\t\t\t\t<div class=\"elementor-divider\">\n\t\t\t<span class=\"elementor-divider-separator\">\n\t\t\t\t\t\t<\/span>\n\t\t<\/div>\n\t\t\t\t\t\t<\/div>\n\t\t\t\t<\/div>\n\t\t\t\t<div class=\"elementor-element elementor-element-669dbc2 elementor-widget elementor-widget-text-editor\" data-id=\"669dbc2\" data-element_type=\"widget\" data-e-type=\"widget\" data-widget_type=\"text-editor.default\">\n\t\t\t\t<div class=\"elementor-widget-container\">\n\t\t\t\t\t\t\t\t\t<p style=\"text-align: center;\"><em>Rien n\u2019\u00e9gale en longueur les boiteuses journ\u00e9es,<\/em><\/p><p style=\"text-align: center;\"><em>Quand sous les lourds flocons des neigeuses ann\u00e9es<\/em><\/p><p style=\"text-align: center;\"><em>L\u2019ennui, fruit de la morne incuriosit\u00e9,<\/em><\/p><p style=\"text-align: center;\"><em>Prend les proportions de l\u2019immortalit\u00e9.<\/em><\/p><p style=\"text-align: right;\">Charles Baudelaire, <em>Spleen &#8211; LXXVI<\/em><\/p>\t\t\t\t\t\t\t\t<\/div>\n\t\t\t\t<\/div>\n\t\t\t\t<div class=\"elementor-element elementor-element-5ab69d2 elementor-widget-divider--view-line elementor-widget elementor-widget-divider\" data-id=\"5ab69d2\" data-element_type=\"widget\" data-e-type=\"widget\" data-widget_type=\"divider.default\">\n\t\t\t\t<div class=\"elementor-widget-container\">\n\t\t\t\t\t\t\t<div class=\"elementor-divider\">\n\t\t\t<span class=\"elementor-divider-separator\">\n\t\t\t\t\t\t<\/span>\n\t\t<\/div>\n\t\t\t\t\t\t<\/div>\n\t\t\t\t<\/div>\n\t\t\t\t<div class=\"elementor-element elementor-element-6c2e552 elementor-widget elementor-widget-heading\" data-id=\"6c2e552\" data-element_type=\"widget\" data-e-type=\"widget\" data-widget_type=\"heading.default\">\n\t\t\t\t<div class=\"elementor-widget-container\">\n\t\t\t\t\t<h2 class=\"elementor-heading-title elementor-size-large\">Le projet :<\/h2>\t\t\t\t<\/div>\n\t\t\t\t<\/div>\n\t\t\t\t<div class=\"elementor-element elementor-element-9c0da13 elementor-widget elementor-widget-text-editor\" data-id=\"9c0da13\" data-element_type=\"widget\" data-e-type=\"widget\" data-widget_type=\"text-editor.default\">\n\t\t\t\t<div class=\"elementor-widget-container\">\n\t\t\t\t\t\t\t\t\t<p><span style=\"color: #333333;\">La gen\u00e8se de ce projet vient d&rsquo;un go\u00fbt commun pour le r\u00e9pertoire contemporain entre le claveciniste Jorge Silva et le compositeur Antonin M\u00e8ge.<\/span><\/p><p><span style=\"color: #333333;\">Le clavecin, instrument central de la p\u00e9riode baroque, perd de sa popularit\u00e9 apr\u00e8s la fin du XVII\u00e8me si\u00e8cle au profit du pianoforte. Cette rar\u00e9faction dans le r\u00e9pertoire s&rsquo;explique en partie par l&rsquo;association entre le clavecin et l&rsquo;Ancien R\u00e9gime, dont il devient un symbole en France, mais la raison principale de sa disparition en Europe s&rsquo;explique par l&rsquo;incompatibilit\u00e9 entre l&rsquo;instrument et les changements esth\u00e9tiques.<\/span><\/p><p><span style=\"color: #333333;\">Au XX\u00e8me si\u00e8cle, les travaux combin\u00e9s des interpr\u00e8tes, facteurs de clavecin et des musicologues permet de retrouver la facture originale de l&rsquo;instrument, oubli\u00e9e au cours du XIX\u00e8me si\u00e8cle. Il faudra attendre 1950 pour voir un r\u00e9el regain d&rsquo;int\u00e9r\u00eat pour le clavecin, sous l&rsquo;impulsion d&rsquo;interpr\u00e8tes tels que Gustav Leonhardt ou Zuzana R\u016f\u017ei\u010dkov\u00e1.<\/span><\/p><p><span style=\"color: #333333;\">En parall\u00e8le des retrouvailles entre l&rsquo;instrument et sa p\u00e9riode de pr\u00e9dilection (XVII\u00e8me et XVIII\u00e8me si\u00e8cles), de nombreux compositeurs tels que Poulenc, De Falla, Ohana, Xenakis ou G\u00f3recki d\u00e9veloppent un nouveau r\u00e9pertoire. L&rsquo;un des compositeurs les plus importants de la deuxi\u00e8me moiti\u00e9 du XX\u00e8me si\u00e8cle, Gy\u00f6rgy Ligeti, compose un triptyque de pi\u00e8ces pour clavecin (<em>Continuum<\/em>, <i>Passacaglia ungherese <\/i>et<i> Hungarian Rock<\/i>) qui apporte de nouvelles sonorit\u00e9s \u00e0 l&rsquo;instrument, s&rsquo;inspirant autant de la musique ancienne, de compositeurs contemporains am\u00e9ricains que de la musique populaire.<\/span><\/p>\t\t\t\t\t\t\t\t<\/div>\n\t\t\t\t<\/div>\n\t\t\t\t<div class=\"elementor-element elementor-element-bb405f7 elementor-widget elementor-widget-heading\" data-id=\"bb405f7\" data-element_type=\"widget\" data-e-type=\"widget\" data-widget_type=\"heading.default\">\n\t\t\t\t<div class=\"elementor-widget-container\">\n\t\t\t\t\t<h2 class=\"elementor-heading-title elementor-size-large\">la pi\u00e8ce :<\/h2>\t\t\t\t<\/div>\n\t\t\t\t<\/div>\n\t\t\t\t<div class=\"elementor-element elementor-element-c2a6c09 elementor-widget elementor-widget-text-editor\" data-id=\"c2a6c09\" data-element_type=\"widget\" data-e-type=\"widget\" data-widget_type=\"text-editor.default\">\n\t\t\t\t<div class=\"elementor-widget-container\">\n\t\t\t\t\t\t\t\t\t<p><span style=\"color: #333333;\">La pi\u00e8ce imagine l&rsquo;abandon tragique d&rsquo;un \u00eatre \u00e0 ses d\u00e9mons, le glissement de la d\u00e9pression \u00e0 la folie, et toutes les \u00e9tapes de ce chemin douloureux. Elle se constitue de trois mouvements, de forme relativement libre.<\/span><\/p><p><span style=\"color: #333333;\">La cr\u00e9ation a eu lieu \u00e0 l&rsquo;occasion de la premi\u00e8re repr\u00e9sentation du r\u00e9cital <em>Folie &amp; Furore <\/em>(*) de Jorge Silva.<\/span><\/p><p>(*) <\/p><p><em>Folie &amp; Furore est une temp\u00eate musicale de toutes formes et couleurs lors d&rsquo;un voyage tourment\u00e9. <\/em><br \/><em>Ce r\u00e9cital \u00e0 th\u00e8me est n\u00e9 d&rsquo;une r\u00e9flexion sur la p\u00e9riode actuelle. Il donne \u00e0 voir et \u00e9couter toutes sortes de folies, confusions, abandons\u2026des sentiments allant de la d\u00e9pression \u00e0 la maladie, de la col\u00e8re \u00e0 la tristesse, qui au plus profond de leur noirceur laisseront toujours appara\u00eetre une lumi\u00e8re d&rsquo;espoir mais surtout de pers\u00e9v\u00e9rance, pour rappeler que quelle que soit l&rsquo;\u00e9preuve, la paix viendra. Il suffit d&rsquo;avancer.<\/em> <\/p>\t\t\t\t\t\t\t\t<\/div>\n\t\t\t\t<\/div>\n\t\t\t\t<div class=\"elementor-element elementor-element-86015a0 elementor-widget elementor-widget-text-editor\" data-id=\"86015a0\" data-element_type=\"widget\" data-e-type=\"widget\" data-widget_type=\"text-editor.default\">\n\t\t\t\t<div class=\"elementor-widget-container\">\n\t\t\t\t\t\t\t\t\t<h5>cr\u00e9\u00e9e le 10\/09\/2020 au milton court concert hall, londres.<\/h5>\t\t\t\t\t\t\t\t<\/div>\n\t\t\t\t<\/div>\n\t\t\t\t<div class=\"elementor-element elementor-element-74dfd0e elementor-widget elementor-widget-text-editor\" data-id=\"74dfd0e\" data-element_type=\"widget\" data-e-type=\"widget\" data-widget_type=\"text-editor.default\">\n\t\t\t\t<div class=\"elementor-widget-container\">\n\t\t\t\t\t\t\t\t\t<h5>cr\u00e9ation fran\u00e7aise le 22\/10\/2020 \u00e0 l&rsquo;atelier von nagel, Paris.<\/h5>\t\t\t\t\t\t\t\t<\/div>\n\t\t\t\t<\/div>\n\t\t\t\t<div class=\"elementor-element elementor-element-eaa30ba elementor-widget-divider--view-line elementor-widget elementor-widget-divider\" data-id=\"eaa30ba\" data-element_type=\"widget\" data-e-type=\"widget\" data-widget_type=\"divider.default\">\n\t\t\t\t<div class=\"elementor-widget-container\">\n\t\t\t\t\t\t\t<div class=\"elementor-divider\">\n\t\t\t<span class=\"elementor-divider-separator\">\n\t\t\t\t\t\t<\/span>\n\t\t<\/div>\n\t\t\t\t\t\t<\/div>\n\t\t\t\t<\/div>\n\t\t\t\t<div class=\"elementor-element elementor-element-91229ba elementor-widget elementor-widget-heading\" data-id=\"91229ba\" data-element_type=\"widget\" data-e-type=\"widget\" data-widget_type=\"heading.default\">\n\t\t\t\t<div class=\"elementor-widget-container\">\n\t\t\t\t\t<h2 class=\"elementor-heading-title elementor-size-large\">jorge silva<\/h2>\t\t\t\t<\/div>\n\t\t\t\t<\/div>\n\t\t\t\t\t<\/div>\n\t\t<\/div>\n\t\t\t\t\t<\/div>\n\t\t<\/section>\n\t\t\t\t<section class=\"elementor-section elementor-top-section elementor-element elementor-element-1ded9d0 elementor-section-boxed elementor-section-height-default elementor-section-height-default\" data-id=\"1ded9d0\" data-element_type=\"section\" data-e-type=\"section\">\n\t\t\t\t\t\t<div class=\"elementor-container elementor-column-gap-default\">\n\t\t\t\t\t<div class=\"elementor-column elementor-col-50 elementor-top-column elementor-element elementor-element-8b6627d\" data-id=\"8b6627d\" data-element_type=\"column\" data-e-type=\"column\">\n\t\t\t<div class=\"elementor-widget-wrap elementor-element-populated\">\n\t\t\t\t\t\t<div class=\"elementor-element elementor-element-3464d05 elementor-widget elementor-widget-image\" data-id=\"3464d05\" data-element_type=\"widget\" data-e-type=\"widget\" data-widget_type=\"image.default\">\n\t\t\t\t<div class=\"elementor-widget-container\">\n\t\t\t\t\t\t\t\t\t\t\t\t\t\t\t<img fetchpriority=\"high\" decoding=\"async\" width=\"683\" height=\"878\" src=\"https:\/\/www.antoninmege.com\/wp-content\/uploads\/2021\/10\/Jorge-Silva-e1635414393498.jpeg\" class=\"attachment-large size-large wp-image-247\" alt=\"\" srcset=\"https:\/\/www.antoninmege.com\/wp-content\/uploads\/2021\/10\/Jorge-Silva-e1635414393498.jpeg 683w, https:\/\/www.antoninmege.com\/wp-content\/uploads\/2021\/10\/Jorge-Silva-e1635414393498-233x300.jpeg 233w, https:\/\/www.antoninmege.com\/wp-content\/uploads\/2021\/10\/Jorge-Silva-e1635414393498-9x12.jpeg 9w\" sizes=\"(max-width: 683px) 100vw, 683px\" \/>\t\t\t\t\t\t\t\t\t\t\t\t\t\t\t<\/div>\n\t\t\t\t<\/div>\n\t\t\t\t<div class=\"elementor-element elementor-element-08f680f elementor-widget elementor-widget-button\" data-id=\"08f680f\" data-element_type=\"widget\" data-e-type=\"widget\" data-widget_type=\"button.default\">\n\t\t\t\t<div class=\"elementor-widget-container\">\n\t\t\t\t\t\t\t\t\t<div class=\"elementor-button-wrapper\">\n\t\t\t\t\t<a class=\"elementor-button elementor-button-link elementor-size-sm\" href=\"https:\/\/www.jorgesilvahpd.com\">\n\t\t\t\t\t\t<span class=\"elementor-button-content-wrapper\">\n\t\t\t\t\t\t<span class=\"elementor-button-icon\">\n\t\t\t\t<i aria-hidden=\"true\" class=\"far fa-hand-point-right\"><\/i>\t\t\t<\/span>\n\t\t\t\t\t\t\t\t\t<span class=\"elementor-button-text\">Visiter le site web de Jorge Silva<\/span>\n\t\t\t\t\t<\/span>\n\t\t\t\t\t<\/a>\n\t\t\t\t<\/div>\n\t\t\t\t\t\t\t\t<\/div>\n\t\t\t\t<\/div>\n\t\t\t\t\t<\/div>\n\t\t<\/div>\n\t\t\t\t<div class=\"elementor-column elementor-col-50 elementor-top-column elementor-element elementor-element-ee6f0d2\" data-id=\"ee6f0d2\" data-element_type=\"column\" data-e-type=\"column\">\n\t\t\t<div class=\"elementor-widget-wrap elementor-element-populated\">\n\t\t\t\t\t\t<div class=\"elementor-element elementor-element-e2c89a5 elementor-widget elementor-widget-text-editor\" data-id=\"e2c89a5\" data-element_type=\"widget\" data-e-type=\"widget\" data-widget_type=\"text-editor.default\">\n\t\t\t\t<div class=\"elementor-widget-container\">\n\t\t\t\t\t\t\t\t\t<p><span style=\"color: #333333;\">Jorge Silva est claveciniste et chanteur de talent, et termine actuellement un master <em>Artist Historical Performance<\/em> en clavecin \u00e0 la prestigieuse Guildhall School de Londres.<\/span><\/p><p><span style=\"color: #333333;\">Il dirige actuellement l&rsquo;op\u00e9ra <em>Didon et \u00c9n\u00e9e<\/em> de Purcell, pour une premi\u00e8re repr\u00e9sentation pr\u00e9vue en Novembre 2020. En tant que claveciniste, il n&rsquo;a de cesse de d\u00e9couvrir de nouveaux styles et multiplie les collaborations avec des artistes de tous horizons.<\/span><\/p><p><span style=\"color: #333333;\">En dehors de sa pratique artistique, il d\u00e9veloppe un partenariat avec le minist\u00e8re de la Culture du Cap-Vert pour am\u00e9liorer l&rsquo;acc\u00e8s aux arts et \u00e0 la musique \u00e0 la jeunesse Cap-vertdienne.<em><strong>\u00a0<\/strong><\/em><\/span><\/p>\t\t\t\t\t\t\t\t<\/div>\n\t\t\t\t<\/div>\n\t\t\t\t<div class=\"elementor-element elementor-element-f89237e elementor-widget-divider--view-line elementor-widget elementor-widget-divider\" data-id=\"f89237e\" data-element_type=\"widget\" data-e-type=\"widget\" data-widget_type=\"divider.default\">\n\t\t\t\t<div class=\"elementor-widget-container\">\n\t\t\t\t\t\t\t<div class=\"elementor-divider\">\n\t\t\t<span class=\"elementor-divider-separator\">\n\t\t\t\t\t\t<\/span>\n\t\t<\/div>\n\t\t\t\t\t\t<\/div>\n\t\t\t\t<\/div>\n\t\t\t\t<div class=\"elementor-element elementor-element-d27be36 elementor-widget elementor-widget-video\" data-id=\"d27be36\" data-element_type=\"widget\" data-e-type=\"widget\" data-settings=\"{&quot;youtube_url&quot;:&quot;https:\\\/\\\/youtu.be\\\/kJ8d2Wi0aMs&quot;,&quot;video_type&quot;:&quot;youtube&quot;,&quot;controls&quot;:&quot;yes&quot;}\" data-widget_type=\"video.default\">\n\t\t\t\t<div class=\"elementor-widget-container\">\n\t\t\t\t\t\t\t<div class=\"elementor-wrapper elementor-open-inline\">\n\t\t\t<div class=\"elementor-video\"><\/div>\t\t<\/div>\n\t\t\t\t\t\t<\/div>\n\t\t\t\t<\/div>\n\t\t\t\t\t<\/div>\n\t\t<\/div>\n\t\t\t\t\t<\/div>\n\t\t<\/section>\n\t\t\t\t<section class=\"elementor-section elementor-top-section elementor-element elementor-element-d3e9991 elementor-section-boxed elementor-section-height-default elementor-section-height-default\" data-id=\"d3e9991\" data-element_type=\"section\" data-e-type=\"section\">\n\t\t\t\t\t\t<div class=\"elementor-container elementor-column-gap-default\">\n\t\t\t\t\t<div class=\"elementor-column elementor-col-100 elementor-top-column elementor-element elementor-element-a761dd3\" data-id=\"a761dd3\" data-element_type=\"column\" data-e-type=\"column\">\n\t\t\t<div class=\"elementor-widget-wrap elementor-element-populated\">\n\t\t\t\t\t\t<div class=\"elementor-element elementor-element-a6d8bf2 elementor-widget-divider--view-line elementor-widget elementor-widget-divider\" data-id=\"a6d8bf2\" data-element_type=\"widget\" data-e-type=\"widget\" data-widget_type=\"divider.default\">\n\t\t\t\t<div class=\"elementor-widget-container\">\n\t\t\t\t\t\t\t<div class=\"elementor-divider\">\n\t\t\t<span class=\"elementor-divider-separator\">\n\t\t\t\t\t\t<\/span>\n\t\t<\/div>\n\t\t\t\t\t\t<\/div>\n\t\t\t\t<\/div>\n\t\t\t\t<div class=\"elementor-element elementor-element-78da757 elementor-align-center elementor-widget elementor-widget-button\" data-id=\"78da757\" data-element_type=\"widget\" data-e-type=\"widget\" data-widget_type=\"button.default\">\n\t\t\t\t<div class=\"elementor-widget-container\">\n\t\t\t\t\t\t\t\t\t<div class=\"elementor-button-wrapper\">\n\t\t\t\t\t<a class=\"elementor-button elementor-button-link elementor-size-sm\" href=\"https:\/\/www.antoninmege.com\/en\/projets-albums\/\">\n\t\t\t\t\t\t<span class=\"elementor-button-content-wrapper\">\n\t\t\t\t\t\t<span class=\"elementor-button-icon\">\n\t\t\t\t<i aria-hidden=\"true\" class=\"far fa-arrow-alt-circle-left\"><\/i>\t\t\t<\/span>\n\t\t\t\t\t\t\t\t\t<span class=\"elementor-button-text\">autres projets et albums<\/span>\n\t\t\t\t\t<\/span>\n\t\t\t\t\t<\/a>\n\t\t\t\t<\/div>\n\t\t\t\t\t\t\t\t<\/div>\n\t\t\t\t<\/div>\n\t\t\t\t\t<\/div>\n\t\t<\/div>\n\t\t\t\t\t<\/div>\n\t\t<\/section>\n\t\t\t\t<\/div>","protected":false},"excerpt":{"rendered":"<p>Rien n\u2019\u00e9gale en longueur les boiteuses journ\u00e9es, Quand sous les lourds flocons des neigeuses ann\u00e9es L\u2019ennui, fruit de la morne incuriosit\u00e9, Prend les proportions de l\u2019immortalit\u00e9. Charles Baudelaire, Spleen &#8211; LXXVI Le projet : La gen\u00e8se de ce projet vient d&rsquo;un go\u00fbt commun pour le r\u00e9pertoire contemporain entre le claveciniste Jorge Silva et le compositeur&hellip; <br \/> <a class=\"read-more\" href=\"https:\/\/www.antoninmege.com\/en\/projets-albums\/toccata-prima\/\">Read more<\/a><\/p>","protected":false},"author":1,"featured_media":208,"parent":33,"menu_order":0,"comment_status":"closed","ping_status":"closed","template":"","meta":{"footnotes":""},"class_list":["post-245","page","type-page","status-publish","has-post-thumbnail","hentry"],"_links":{"self":[{"href":"https:\/\/www.antoninmege.com\/en\/wp-json\/wp\/v2\/pages\/245","targetHints":{"allow":["GET"]}}],"collection":[{"href":"https:\/\/www.antoninmege.com\/en\/wp-json\/wp\/v2\/pages"}],"about":[{"href":"https:\/\/www.antoninmege.com\/en\/wp-json\/wp\/v2\/types\/page"}],"author":[{"embeddable":true,"href":"https:\/\/www.antoninmege.com\/en\/wp-json\/wp\/v2\/users\/1"}],"replies":[{"embeddable":true,"href":"https:\/\/www.antoninmege.com\/en\/wp-json\/wp\/v2\/comments?post=245"}],"version-history":[{"count":7,"href":"https:\/\/www.antoninmege.com\/en\/wp-json\/wp\/v2\/pages\/245\/revisions"}],"predecessor-version":[{"id":300,"href":"https:\/\/www.antoninmege.com\/en\/wp-json\/wp\/v2\/pages\/245\/revisions\/300"}],"up":[{"embeddable":true,"href":"https:\/\/www.antoninmege.com\/en\/wp-json\/wp\/v2\/pages\/33"}],"wp:featuredmedia":[{"embeddable":true,"href":"https:\/\/www.antoninmege.com\/en\/wp-json\/wp\/v2\/media\/208"}],"wp:attachment":[{"href":"https:\/\/www.antoninmege.com\/en\/wp-json\/wp\/v2\/media?parent=245"}],"curies":[{"name":"wp","href":"https:\/\/api.w.org\/{rel}","templated":true}]}}