{"id":213,"date":"2021-10-27T18:29:29","date_gmt":"2021-10-27T16:29:29","guid":{"rendered":"http:\/\/localhost:8888\/antoninmege\/?page_id=213"},"modified":"2021-10-28T13:05:56","modified_gmt":"2021-10-28T11:05:56","slug":"voluspa-ep","status":"publish","type":"page","link":"https:\/\/www.antoninmege.com\/en\/projets-albums\/voluspa-ep\/","title":{"rendered":"Voluspa EP"},"content":{"rendered":"<div data-elementor-type=\"wp-page\" data-elementor-id=\"213\" class=\"elementor elementor-213\">\n\t\t\t\t\t\t<section class=\"elementor-section elementor-top-section elementor-element elementor-element-4bb1d40 elementor-section-boxed elementor-section-height-default elementor-section-height-default\" data-id=\"4bb1d40\" data-element_type=\"section\" data-e-type=\"section\">\n\t\t\t\t\t\t<div class=\"elementor-container elementor-column-gap-default\">\n\t\t\t\t\t<div class=\"elementor-column elementor-col-100 elementor-top-column elementor-element elementor-element-8416438\" data-id=\"8416438\" data-element_type=\"column\" data-e-type=\"column\">\n\t\t\t<div class=\"elementor-widget-wrap elementor-element-populated\">\n\t\t\t\t\t\t<div class=\"elementor-element elementor-element-35345ac elementor-widget-divider--view-line elementor-widget elementor-widget-divider\" data-id=\"35345ac\" data-element_type=\"widget\" data-e-type=\"widget\" data-widget_type=\"divider.default\">\n\t\t\t\t<div class=\"elementor-widget-container\">\n\t\t\t\t\t\t\t<div class=\"elementor-divider\">\n\t\t\t<span class=\"elementor-divider-separator\">\n\t\t\t\t\t\t<\/span>\n\t\t<\/div>\n\t\t\t\t\t\t<\/div>\n\t\t\t\t<\/div>\n\t\t\t\t<div class=\"elementor-element elementor-element-669dbc2 elementor-widget elementor-widget-text-editor\" data-id=\"669dbc2\" data-element_type=\"widget\" data-e-type=\"widget\" data-widget_type=\"text-editor.default\">\n\t\t\t\t<div class=\"elementor-widget-container\">\n\t\t\t\t\t\t\t\t\t<p style=\"text-align: center;\"><em>Au commencement des si\u00e8cles, quand \u00ddmir s&rsquo;\u00e9tablit,<\/em><br \/><em>Il n&rsquo;y avait rien, ni sable, ni mer, ni froides ondes<\/em><br \/><em>De terre point n&rsquo;y avait, ni de ciel au-dessus<\/em><br \/><em>Seul le vide b\u00e9ant et d&rsquo;herbe nulle part.<\/em><\/p>\t\t\t\t\t\t\t\t<\/div>\n\t\t\t\t<\/div>\n\t\t\t\t<div class=\"elementor-element elementor-element-5ab69d2 elementor-widget-divider--view-line elementor-widget elementor-widget-divider\" data-id=\"5ab69d2\" data-element_type=\"widget\" data-e-type=\"widget\" data-widget_type=\"divider.default\">\n\t\t\t\t<div class=\"elementor-widget-container\">\n\t\t\t\t\t\t\t<div class=\"elementor-divider\">\n\t\t\t<span class=\"elementor-divider-separator\">\n\t\t\t\t\t\t<\/span>\n\t\t<\/div>\n\t\t\t\t\t\t<\/div>\n\t\t\t\t<\/div>\n\t\t\t\t<div class=\"elementor-element elementor-element-9c0da13 elementor-widget elementor-widget-text-editor\" data-id=\"9c0da13\" data-element_type=\"widget\" data-e-type=\"widget\" data-widget_type=\"text-editor.default\">\n\t\t\t\t<div class=\"elementor-widget-container\">\n\t\t\t\t\t\t\t\t\t<p><span style=\"color: #000000;\">La <em>Voluspa<\/em> (\u00ab\u00a0r\u00e9cit de la voyante\u00a0\u00bb) est un des textes les plus c\u00e9l\u00e8bres de la mythologie nordique. L&rsquo;histoire du monde y est cont\u00e9e sous forme de proph\u00e9ties, de sa naissance jusqu&rsquo;au <em>Ragnarok<\/em> qui verra la fin et le renouveau de l&rsquo;univers.<\/span><\/p><p><span style=\"color: #000000;\">De la m\u00eame fa\u00e7on que la voyante du po\u00e8me original raconte ses visions, la musique d\u00e9crit \u00e0 travers ses quatre mouvements une histoire et un destin du monde. Chaque tableau est le condens\u00e9 d&rsquo;une atmosph\u00e8re, l&rsquo;arri\u00e8re plan d&rsquo;une sc\u00e8ne qui propose une vision personnelle de ces proph\u00e9ties.<\/span><\/p><p><span style=\"color: #000000;\">Les diff\u00e9rentes ambiances sonores cr\u00e9\u00e9es par des nappes, des m\u00e9lodies modales, mais aussi par des rythmes obstin\u00e9s et incisifs, nous inscrivent dans un univers pa\u00efen, ancien, l\u00e9gendaire. Cependant, la symbiose entre l&rsquo;orchestre et synth\u00e9tiseurs, ainsi que le contraste des timbres pr\u00e9sents tout le long de l&rsquo;album, loin de vouloir nous transporter dans le pass\u00e9 au milieu de la culture scandinave, refl\u00e8tent plut\u00f4t l&rsquo;envie d&rsquo;inscrire ces \u00e9pisodes dans le pr\u00e9sent ou m\u00eame dans un futur proche.\u00a0<\/span><\/p>\t\t\t\t\t\t\t\t<\/div>\n\t\t\t\t<\/div>\n\t\t\t\t<div class=\"elementor-element elementor-element-6a31885 elementor-widget elementor-widget-text-editor\" data-id=\"6a31885\" data-element_type=\"widget\" data-e-type=\"widget\" data-widget_type=\"text-editor.default\">\n\t\t\t\t<div class=\"elementor-widget-container\">\n\t\t\t\t\t\t\t\t\t<p style=\"text-align: right;\"><em>Pr\u00e9sentation de Rosa Elena Monroy Castillero<\/em><\/p>\t\t\t\t\t\t\t\t<\/div>\n\t\t\t\t<\/div>\n\t\t\t\t<div class=\"elementor-element elementor-element-86015a0 elementor-widget elementor-widget-text-editor\" data-id=\"86015a0\" data-element_type=\"widget\" data-e-type=\"widget\" data-widget_type=\"text-editor.default\">\n\t\t\t\t<div class=\"elementor-widget-container\">\n\t\t\t\t\t\t\t\t\t<h5>SORTIE LE 31\/07\/2020<\/h5>\t\t\t\t\t\t\t\t<\/div>\n\t\t\t\t<\/div>\n\t\t\t\t<div class=\"elementor-element elementor-element-eaa30ba elementor-widget-divider--view-line elementor-widget elementor-widget-divider\" data-id=\"eaa30ba\" data-element_type=\"widget\" data-e-type=\"widget\" data-widget_type=\"divider.default\">\n\t\t\t\t<div class=\"elementor-widget-container\">\n\t\t\t\t\t\t\t<div class=\"elementor-divider\">\n\t\t\t<span class=\"elementor-divider-separator\">\n\t\t\t\t\t\t<\/span>\n\t\t<\/div>\n\t\t\t\t\t\t<\/div>\n\t\t\t\t<\/div>\n\t\t\t\t\t<\/div>\n\t\t<\/div>\n\t\t\t\t\t<\/div>\n\t\t<\/section>\n\t\t\t\t<section class=\"elementor-section elementor-top-section elementor-element elementor-element-63d61e0 elementor-section-boxed elementor-section-height-default elementor-section-height-default\" data-id=\"63d61e0\" data-element_type=\"section\" data-e-type=\"section\">\n\t\t\t\t\t\t<div class=\"elementor-container elementor-column-gap-default\">\n\t\t\t\t\t<div class=\"elementor-column elementor-col-100 elementor-top-column elementor-element elementor-element-88e239c\" data-id=\"88e239c\" data-element_type=\"column\" data-e-type=\"column\">\n\t\t\t<div class=\"elementor-widget-wrap elementor-element-populated\">\n\t\t\t\t\t\t<div class=\"elementor-element elementor-element-2686306 elementor-widget elementor-widget-heading\" data-id=\"2686306\" data-element_type=\"widget\" data-e-type=\"widget\" data-widget_type=\"heading.default\">\n\t\t\t\t<div class=\"elementor-widget-container\">\n\t\t\t\t\t<h2 class=\"elementor-heading-title elementor-size-default\">\u00e9couter sur spotify :\u200b<\/h2>\t\t\t\t<\/div>\n\t\t\t\t<\/div>\n\t\t\t\t<div class=\"elementor-element elementor-element-7a3b82d elementor-widget elementor-widget-html\" data-id=\"7a3b82d\" data-element_type=\"widget\" data-e-type=\"widget\" data-widget_type=\"html.default\">\n\t\t\t\t<div class=\"elementor-widget-container\">\n\t\t\t\t\t<iframe src=\"https:\/\/open.spotify.com\/embed\/album\/6g0ufkdIk9O91W4EL68DTM\" width=\"300\" height=\"250\" frameborder=\"0\" allowtransparency=\"true\" allow=\"encrypted-media\"><\/iframe>\t\t\t\t<\/div>\n\t\t\t\t<\/div>\n\t\t\t\t<div class=\"elementor-element elementor-element-08f680f elementor-widget elementor-widget-button\" data-id=\"08f680f\" data-element_type=\"widget\" data-e-type=\"widget\" data-widget_type=\"button.default\">\n\t\t\t\t<div class=\"elementor-widget-container\">\n\t\t\t\t\t\t\t\t\t<div class=\"elementor-button-wrapper\">\n\t\t\t\t\t<a class=\"elementor-button elementor-button-link elementor-size-sm\" href=\"https:\/\/lnkfi.re\/MICyKGjE\">\n\t\t\t\t\t\t<span class=\"elementor-button-content-wrapper\">\n\t\t\t\t\t\t<span class=\"elementor-button-icon\">\n\t\t\t\t<i aria-hidden=\"true\" class=\"far fa-hand-point-right\"><\/i>\t\t\t<\/span>\n\t\t\t\t\t\t\t\t\t<span class=\"elementor-button-text\">Ecouter l'EP sur votre plateforme de streaming pr\u00e9f\u00e9r\u00e9e<\/span>\n\t\t\t\t\t<\/span>\n\t\t\t\t\t<\/a>\n\t\t\t\t<\/div>\n\t\t\t\t\t\t\t\t<\/div>\n\t\t\t\t<\/div>\n\t\t\t\t<div class=\"elementor-element elementor-element-dfaae80 elementor-widget-divider--view-line elementor-widget elementor-widget-divider\" data-id=\"dfaae80\" data-element_type=\"widget\" data-e-type=\"widget\" data-widget_type=\"divider.default\">\n\t\t\t\t<div class=\"elementor-widget-container\">\n\t\t\t\t\t\t\t<div class=\"elementor-divider\">\n\t\t\t<span class=\"elementor-divider-separator\">\n\t\t\t\t\t\t<\/span>\n\t\t<\/div>\n\t\t\t\t\t\t<\/div>\n\t\t\t\t<\/div>\n\t\t\t\t<div class=\"elementor-element elementor-element-8163bdd elementor-widget elementor-widget-heading\" data-id=\"8163bdd\" data-element_type=\"widget\" data-e-type=\"widget\" data-widget_type=\"heading.default\">\n\t\t\t\t<div class=\"elementor-widget-container\">\n\t\t\t\t\t<h3 class=\"elementor-heading-title elementor-size-large\">Artwork<\/h3>\t\t\t\t<\/div>\n\t\t\t\t<\/div>\n\t\t\t\t<div class=\"elementor-element elementor-element-9e3685a elementor-widget elementor-widget-image\" data-id=\"9e3685a\" data-element_type=\"widget\" data-e-type=\"widget\" data-widget_type=\"image.default\">\n\t\t\t\t<div class=\"elementor-widget-container\">\n\t\t\t\t\t\t\t\t\t\t\t\t\t\t\t<img fetchpriority=\"high\" decoding=\"async\" width=\"768\" height=\"768\" src=\"https:\/\/www.antoninmege.com\/wp-content\/uploads\/2021\/10\/Pochette-Voluspa-V2.5_small-min-768x768.jpg\" class=\"attachment-medium_large size-medium_large wp-image-207\" alt=\"\" srcset=\"https:\/\/www.antoninmege.com\/wp-content\/uploads\/2021\/10\/Pochette-Voluspa-V2.5_small-min-768x768.jpg 768w, https:\/\/www.antoninmege.com\/wp-content\/uploads\/2021\/10\/Pochette-Voluspa-V2.5_small-min-300x300.jpg 300w, https:\/\/www.antoninmege.com\/wp-content\/uploads\/2021\/10\/Pochette-Voluspa-V2.5_small-min-1024x1024.jpg 1024w, https:\/\/www.antoninmege.com\/wp-content\/uploads\/2021\/10\/Pochette-Voluspa-V2.5_small-min-150x150.jpg 150w, https:\/\/www.antoninmege.com\/wp-content\/uploads\/2021\/10\/Pochette-Voluspa-V2.5_small-min-1536x1536.jpg 1536w, https:\/\/www.antoninmege.com\/wp-content\/uploads\/2021\/10\/Pochette-Voluspa-V2.5_small-min-2048x2048.jpg 2048w, https:\/\/www.antoninmege.com\/wp-content\/uploads\/2021\/10\/Pochette-Voluspa-V2.5_small-min-12x12.jpg 12w, https:\/\/www.antoninmege.com\/wp-content\/uploads\/2021\/10\/Pochette-Voluspa-V2.5_small-min-1080x1080.jpg 1080w\" sizes=\"(max-width: 768px) 100vw, 768px\" \/>\t\t\t\t\t\t\t\t\t\t\t\t\t\t\t<\/div>\n\t\t\t\t<\/div>\n\t\t\t\t<div class=\"elementor-element elementor-element-2734eff elementor-widget-divider--view-line elementor-widget elementor-widget-divider\" data-id=\"2734eff\" data-element_type=\"widget\" data-e-type=\"widget\" data-widget_type=\"divider.default\">\n\t\t\t\t<div class=\"elementor-widget-container\">\n\t\t\t\t\t\t\t<div class=\"elementor-divider\">\n\t\t\t<span class=\"elementor-divider-separator\">\n\t\t\t\t\t\t<\/span>\n\t\t<\/div>\n\t\t\t\t\t\t<\/div>\n\t\t\t\t<\/div>\n\t\t\t\t\t<\/div>\n\t\t<\/div>\n\t\t\t\t\t<\/div>\n\t\t<\/section>\n\t\t\t\t<section class=\"elementor-section elementor-top-section elementor-element elementor-element-d3e9991 elementor-section-boxed elementor-section-height-default elementor-section-height-default\" data-id=\"d3e9991\" data-element_type=\"section\" data-e-type=\"section\">\n\t\t\t\t\t\t<div class=\"elementor-container elementor-column-gap-default\">\n\t\t\t\t\t<div class=\"elementor-column elementor-col-100 elementor-top-column elementor-element elementor-element-a761dd3\" data-id=\"a761dd3\" data-element_type=\"column\" data-e-type=\"column\">\n\t\t\t<div class=\"elementor-widget-wrap elementor-element-populated\">\n\t\t\t\t\t\t<div class=\"elementor-element elementor-element-78da757 elementor-align-center elementor-widget elementor-widget-button\" data-id=\"78da757\" data-element_type=\"widget\" data-e-type=\"widget\" data-widget_type=\"button.default\">\n\t\t\t\t<div class=\"elementor-widget-container\">\n\t\t\t\t\t\t\t\t\t<div class=\"elementor-button-wrapper\">\n\t\t\t\t\t<a class=\"elementor-button elementor-button-link elementor-size-sm\" href=\"https:\/\/www.antoninmege.com\/en\/projets-albums\/\">\n\t\t\t\t\t\t<span class=\"elementor-button-content-wrapper\">\n\t\t\t\t\t\t<span class=\"elementor-button-icon\">\n\t\t\t\t<i aria-hidden=\"true\" class=\"far fa-arrow-alt-circle-left\"><\/i>\t\t\t<\/span>\n\t\t\t\t\t\t\t\t\t<span class=\"elementor-button-text\">autres projets et albums<\/span>\n\t\t\t\t\t<\/span>\n\t\t\t\t\t<\/a>\n\t\t\t\t<\/div>\n\t\t\t\t\t\t\t\t<\/div>\n\t\t\t\t<\/div>\n\t\t\t\t\t<\/div>\n\t\t<\/div>\n\t\t\t\t\t<\/div>\n\t\t<\/section>\n\t\t\t\t<\/div>","protected":false},"excerpt":{"rendered":"<p>Au commencement des si\u00e8cles, quand \u00ddmir s&rsquo;\u00e9tablit,Il n&rsquo;y avait rien, ni sable, ni mer, ni froides ondesDe terre point n&rsquo;y avait, ni de ciel au-dessusSeul le vide b\u00e9ant et d&rsquo;herbe nulle part. La Voluspa (\u00ab\u00a0r\u00e9cit de la voyante\u00a0\u00bb) est un des textes les plus c\u00e9l\u00e8bres de la mythologie nordique. L&rsquo;histoire du monde y est cont\u00e9e&hellip; <br \/> <a class=\"read-more\" href=\"https:\/\/www.antoninmege.com\/en\/projets-albums\/voluspa-ep\/\">Read more<\/a><\/p>","protected":false},"author":1,"featured_media":215,"parent":33,"menu_order":0,"comment_status":"closed","ping_status":"closed","template":"","meta":{"footnotes":""},"class_list":["post-213","page","type-page","status-publish","has-post-thumbnail","hentry"],"_links":{"self":[{"href":"https:\/\/www.antoninmege.com\/en\/wp-json\/wp\/v2\/pages\/213","targetHints":{"allow":["GET"]}}],"collection":[{"href":"https:\/\/www.antoninmege.com\/en\/wp-json\/wp\/v2\/pages"}],"about":[{"href":"https:\/\/www.antoninmege.com\/en\/wp-json\/wp\/v2\/types\/page"}],"author":[{"embeddable":true,"href":"https:\/\/www.antoninmege.com\/en\/wp-json\/wp\/v2\/users\/1"}],"replies":[{"embeddable":true,"href":"https:\/\/www.antoninmege.com\/en\/wp-json\/wp\/v2\/comments?post=213"}],"version-history":[{"count":16,"href":"https:\/\/www.antoninmege.com\/en\/wp-json\/wp\/v2\/pages\/213\/revisions"}],"predecessor-version":[{"id":303,"href":"https:\/\/www.antoninmege.com\/en\/wp-json\/wp\/v2\/pages\/213\/revisions\/303"}],"up":[{"embeddable":true,"href":"https:\/\/www.antoninmege.com\/en\/wp-json\/wp\/v2\/pages\/33"}],"wp:featuredmedia":[{"embeddable":true,"href":"https:\/\/www.antoninmege.com\/en\/wp-json\/wp\/v2\/media\/215"}],"wp:attachment":[{"href":"https:\/\/www.antoninmege.com\/en\/wp-json\/wp\/v2\/media?parent=213"}],"curies":[{"name":"wp","href":"https:\/\/api.w.org\/{rel}","templated":true}]}}